{"id":3076,"date":"2023-03-10T10:58:08","date_gmt":"2023-03-10T09:58:08","guid":{"rendered":"https:\/\/aftershow.ovh\/?page_id=3076"},"modified":"2023-04-14T13:19:49","modified_gmt":"2023-04-14T11:19:49","slug":"luab-cest-qui-cest-quoi","status":"publish","type":"page","link":"https:\/\/LUAB.live\/?page_id=3076","title":{"rendered":"LUAB, c&#8217;est qui, c&#8217;est quoi ?"},"content":{"rendered":"\n<p>LUAB, Listen Up And Bleed, est un podcast fond\u00e9 en 2018 par R\u00e9mi et Fran\u00e7ois. Amis depuis pr\u00e8s de 20 ans, ils partagent un amour pour Ty Segall et King Gizzard. <br>Vers Mars 2020 Alexandre s&#8217;est joint \u00e0 l&#8217;\u00e9quipe. Lui aussi connaissance du duo depuis 20 ans, il ne veut plus partir et fait des bruits de pas pendant les enregistrements ^^<br>William dit &#8220;le stagiaire&#8221;, lui aussi ami de longue date est arriv\u00e9 car c&#8217;\u00e9tait \u00e9clair\u00e9 et chauff\u00e9. <\/p>\n\n\n\n<p>LUAB c&#8217;est aujourd&#8217;hui 4 podcasts : <br><a href=\"https:\/\/luab.live\/?cat=791\" data-type=\"URL\" data-id=\"https:\/\/luab.live\/?cat=791\">Listen Up And Bleed<\/a> : le podcast historique avec des \u00e9missions entre 3h et 5h avec des digressions et des imitations.<br><a href=\"https:\/\/luab.live\/?cat=1055\" data-type=\"URL\" data-id=\"https:\/\/luab.live\/?cat=1055\">60 minutes chrono<\/a> : par Alex, Fran\u00e7ois et R\u00e9mi o\u00f9 3 mots donnent 9 morceaux et un compl\u00e9ment de parole pour aller jusqu&#8217;\u00e0 60min.<br><a href=\"https:\/\/luab.live\/?cat=795\" data-type=\"URL\" data-id=\"https:\/\/luab.live\/?cat=795\">LC\/DC<\/a> : le podcast &#8220;m\u00e9tal&#8221; de Fran\u00e7ois, o\u00f9 il traite de l&#8217;actualit\u00e9 du Hellfest en g\u00e9n\u00e9ral ou d&#8217;autres festivals.<br><a href=\"https:\/\/luab.live\/?page_id=3516\" data-type=\"URL\" data-id=\"https:\/\/luab.live\/?page_id=3516\">5 minutes douche comprise<\/a> : podcast solo o\u00f9 chacun pr\u00e9sente un album de sa discoth\u00e8que pendant 5 minutes et conseille 1 morceau.<\/p>\n\n\n\n<p><a href=\"https:\/\/luab.live\/?cat=788\" data-type=\"URL\" data-id=\"https:\/\/luab.live\/?cat=788\">La partie photo est assur\u00e9e par Fran\u00e7ois<\/a><br><br><\/p>\n\n\n\n<p>R\u00e9mi : demi CEO du LUAB, \u00e0 l&#8217;accent inimitable, sachant lui m\u00eame imiter ce qui ne devrait pas l&#8217;\u00eatre.<br>Aime le Ricard, La Femme (mais aussi la sienne) et le bon Beck.<\/p>\n\n\n\n<p>Fran\u00e7ois : l&#8217;autre demi CEO, fr\u00e9quente \u00e0 la fois le hardcore punk de la Warzone et le psych\u00e9 \u00e0 l&#8217;autre bout des Pays-Bas. <br>D\u00e9teste les hippies et les Beatles.<\/p>\n\n\n\n<p>Alex : aime la pop et faire chier le monde. Ne pas suivre les r\u00e8gles est sa seule vocation. <br>Stagiaire sans peur mais pas sans reproches, il finira par se faire virer !<\/p>\n\n\n\n<p>William : \u00e9ternel c\u00e9libassiste, a d\u00e9cid\u00e9 de faire des jeux de mots pour cacher sa culture d\u00e9viante. <br>Aime le chaos organis\u00e9 et le riz basmati. D\u00e9teste la surproduction et les brocolis.<br><\/p>\n","protected":false},"excerpt":{"rendered":"<p>LUAB, Listen Up And Bleed, est un podcast fond\u00e9 en 2018 par R\u00e9mi et Fran\u00e7ois. Amis depuis pr\u00e8s de 20 ans, ils partagent un amour pour Ty Segall et King Gizzard. Vers Mars 2020 Alexandre s&#8217;est joint \u00e0 l&#8217;\u00e9quipe. Lui aussi connaissance du duo depuis 20 ans, il ne veut plus partir et fait des bruits de pas pendant les enregistrements ^^William dit &#8220;le stagiaire&#8221;, lui aussi ami de longue date est arriv\u00e9 car c&#8217;\u00e9tait \u00e9clair\u00e9 et chauff\u00e9. LUAB c&#8217;est aujourd&#8217;hui 4 podcasts : Listen Up And Bleed : le <\/p>\n","protected":false},"author":1,"featured_media":1945,"parent":0,"menu_order":0,"comment_status":"closed","ping_status":"closed","template":"","meta":{"footnotes":""},"class_list":["post-3076","page","type-page","status-publish","has-post-thumbnail","hentry"],"_links":{"self":[{"href":"https:\/\/LUAB.live\/index.php?rest_route=\/wp\/v2\/pages\/3076","targetHints":{"allow":["GET"]}}],"collection":[{"href":"https:\/\/LUAB.live\/index.php?rest_route=\/wp\/v2\/pages"}],"about":[{"href":"https:\/\/LUAB.live\/index.php?rest_route=\/wp\/v2\/types\/page"}],"author":[{"embeddable":true,"href":"https:\/\/LUAB.live\/index.php?rest_route=\/wp\/v2\/users\/1"}],"replies":[{"embeddable":true,"href":"https:\/\/LUAB.live\/index.php?rest_route=%2Fwp%2Fv2%2Fcomments&post=3076"}],"version-history":[{"count":9,"href":"https:\/\/LUAB.live\/index.php?rest_route=\/wp\/v2\/pages\/3076\/revisions"}],"predecessor-version":[{"id":3556,"href":"https:\/\/LUAB.live\/index.php?rest_route=\/wp\/v2\/pages\/3076\/revisions\/3556"}],"wp:featuredmedia":[{"embeddable":true,"href":"https:\/\/LUAB.live\/index.php?rest_route=\/wp\/v2\/media\/2279"}],"wp:attachment":[{"href":"https:\/\/LUAB.live\/index.php?rest_route=%2Fwp%2Fv2%2Fmedia&parent=3076"}],"curies":[{"name":"wp","href":"https:\/\/api.w.org\/{rel}","templated":true}]}}